{"id":3226,"date":"2021-05-10T13:57:29","date_gmt":"2021-05-10T18:57:29","guid":{"rendered":"http:\/\/cliniquevitalis.com\/?page_id=3226"},"modified":"2025-03-02T13:51:14","modified_gmt":"2025-03-02T18:51:14","slug":"first-visit","status":"publish","type":"page","link":"https:\/\/cliniquevitalis.com\/en\/first-visit\/","title":{"rendered":"First visit"},"content":{"rendered":"","protected":false},"excerpt":{"rendered":"","protected":false},"author":7,"featured_media":0,"parent":0,"menu_order":0,"comment_status":"closed","ping_status":"closed","template":"","meta":{"footnotes":""},"class_list":["post-3226","page","type-page","status-publish","hentry"],"yoast_head":"<!-- This site is optimized with the Yoast SEO plugin v27.4 - https:\/\/yoast.com\/product\/yoast-seo-wordpress\/ -->\n<title>Vitalis | clinique de soins chiropratiques | D\u00e9roulement &amp; Tarifs<\/title>\n<meta name=\"description\" content=\"Lors de votre premi\u00e8re visite, le chiropraticien effectuera une entrevue clinique (anamn\u00e8se) pour ensuite mieux \u00e9valuer vos besoins.\" \/>\n<meta name=\"robots\" content=\"index, follow, max-snippet:-1, max-image-preview:large, max-video-preview:-1\" \/>\n<link rel=\"canonical\" href=\"https:\/\/cliniquevitalis.com\/en\/first-visit\/\" \/>\n<meta property=\"og:locale\" content=\"en_US\" \/>\n<meta property=\"og:type\" content=\"article\" \/>\n<meta property=\"og:title\" content=\"Vitalis | clinique de soins chiropratiques | D\u00e9roulement &amp; Tarifs\" \/>\n<meta property=\"og:description\" content=\"Lors de votre premi\u00e8re visite, le chiropraticien effectuera une entrevue clinique (anamn\u00e8se) pour ensuite mieux \u00e9valuer vos besoins.\" \/>\n<meta property=\"og:url\" content=\"https:\/\/cliniquevitalis.com\/en\/first-visit\/\" \/>\n<meta property=\"og:site_name\" content=\"Vitalis\" \/>\n<meta property=\"article:publisher\" content=\"https:\/\/www.facebook.com\/cliniquevitalis\/\" \/>\n<meta property=\"article:modified_time\" content=\"2025-03-02T18:51:14+00:00\" \/>\n<meta property=\"og:image\" content=\"https:\/\/cliniquevitalis.com\/wp-content\/uploads\/2020\/05\/cropped-favicon.png\" \/>\n\t<meta property=\"og:image:width\" content=\"512\" \/>\n\t<meta property=\"og:image:height\" content=\"512\" \/>\n\t<meta property=\"og:image:type\" content=\"image\/png\" \/>\n<meta name=\"twitter:card\" content=\"summary_large_image\" \/>\n<meta name=\"twitter:label1\" content=\"Est. reading time\" \/>\n\t<meta name=\"twitter:data1\" content=\"2 minutes\" \/>\n<script type=\"application\/ld+json\" class=\"yoast-schema-graph\">{\"@context\":\"https:\\\/\\\/schema.org\",\"@graph\":[{\"@type\":\"WebPage\",\"@id\":\"https:\\\/\\\/cliniquevitalis.com\\\/en\\\/first-visit\\\/\",\"url\":\"https:\\\/\\\/cliniquevitalis.com\\\/en\\\/first-visit\\\/\",\"name\":\"Vitalis | clinique de soins chiropratiques | D\u00e9roulement & Tarifs\",\"isPartOf\":{\"@id\":\"https:\\\/\\\/cliniquevitalis.com\\\/en\\\/#website\"},\"datePublished\":\"2021-05-10T18:57:29+00:00\",\"dateModified\":\"2025-03-02T18:51:14+00:00\",\"description\":\"Lors de votre premi\u00e8re visite, le chiropraticien effectuera une entrevue clinique (anamn\u00e8se) pour ensuite mieux \u00e9valuer vos besoins.\",\"breadcrumb\":{\"@id\":\"https:\\\/\\\/cliniquevitalis.com\\\/en\\\/first-visit\\\/#breadcrumb\"},\"inLanguage\":\"en-US\",\"potentialAction\":[{\"@type\":\"ReadAction\",\"target\":[\"https:\\\/\\\/cliniquevitalis.com\\\/en\\\/first-visit\\\/\"]}]},{\"@type\":\"BreadcrumbList\",\"@id\":\"https:\\\/\\\/cliniquevitalis.com\\\/en\\\/first-visit\\\/#breadcrumb\",\"itemListElement\":[{\"@type\":\"ListItem\",\"position\":1,\"name\":\"Accueil\",\"item\":\"https:\\\/\\\/cliniquevitalis.com\\\/en\\\/\"},{\"@type\":\"ListItem\",\"position\":2,\"name\":\"First visit\"}]},{\"@type\":\"WebSite\",\"@id\":\"https:\\\/\\\/cliniquevitalis.com\\\/en\\\/#website\",\"url\":\"https:\\\/\\\/cliniquevitalis.com\\\/en\\\/\",\"name\":\"Vitalis\",\"description\":\"Clinique de soins chiropratiques\",\"publisher\":{\"@id\":\"https:\\\/\\\/cliniquevitalis.com\\\/en\\\/#organization\"},\"alternateName\":\"Vitalis\",\"potentialAction\":[{\"@type\":\"SearchAction\",\"target\":{\"@type\":\"EntryPoint\",\"urlTemplate\":\"https:\\\/\\\/cliniquevitalis.com\\\/en\\\/?s={search_term_string}\"},\"query-input\":{\"@type\":\"PropertyValueSpecification\",\"valueRequired\":true,\"valueName\":\"search_term_string\"}}],\"inLanguage\":\"en-US\"},{\"@type\":\"Organization\",\"@id\":\"https:\\\/\\\/cliniquevitalis.com\\\/en\\\/#organization\",\"name\":\"Clinique Vitalis\",\"url\":\"https:\\\/\\\/cliniquevitalis.com\\\/en\\\/\",\"logo\":{\"@type\":\"ImageObject\",\"inLanguage\":\"en-US\",\"@id\":\"https:\\\/\\\/cliniquevitalis.com\\\/en\\\/#\\\/schema\\\/logo\\\/image\\\/\",\"url\":\"https:\\\/\\\/cliniquevitalis.com\\\/wp-content\\\/uploads\\\/2024\\\/06\\\/vitalis-1.png\",\"contentUrl\":\"https:\\\/\\\/cliniquevitalis.com\\\/wp-content\\\/uploads\\\/2024\\\/06\\\/vitalis-1.png\",\"width\":500,\"height\":500,\"caption\":\"Clinique Vitalis\"},\"image\":{\"@id\":\"https:\\\/\\\/cliniquevitalis.com\\\/en\\\/#\\\/schema\\\/logo\\\/image\\\/\"},\"sameAs\":[\"https:\\\/\\\/www.facebook.com\\\/cliniquevitalis\\\/\"]}]}<\/script>\n<!-- \/ Yoast SEO plugin. -->","yoast_head_json":{"title":"Vitalis | clinique de soins chiropratiques | D\u00e9roulement & Tarifs","description":"Lors de votre premi\u00e8re visite, le chiropraticien effectuera une entrevue clinique (anamn\u00e8se) pour ensuite mieux \u00e9valuer vos besoins.","robots":{"index":"index","follow":"follow","max-snippet":"max-snippet:-1","max-image-preview":"max-image-preview:large","max-video-preview":"max-video-preview:-1"},"canonical":"https:\/\/cliniquevitalis.com\/en\/first-visit\/","og_locale":"en_US","og_type":"article","og_title":"Vitalis | clinique de soins chiropratiques | D\u00e9roulement & Tarifs","og_description":"Lors de votre premi\u00e8re visite, le chiropraticien effectuera une entrevue clinique (anamn\u00e8se) pour ensuite mieux \u00e9valuer vos besoins.","og_url":"https:\/\/cliniquevitalis.com\/en\/first-visit\/","og_site_name":"Vitalis","article_publisher":"https:\/\/www.facebook.com\/cliniquevitalis\/","article_modified_time":"2025-03-02T18:51:14+00:00","og_image":[{"width":512,"height":512,"url":"https:\/\/cliniquevitalis.com\/wp-content\/uploads\/2020\/05\/cropped-favicon.png","type":"image\/png"}],"twitter_card":"summary_large_image","twitter_misc":{"Est. reading time":"2 minutes"},"schema":{"@context":"https:\/\/schema.org","@graph":[{"@type":"WebPage","@id":"https:\/\/cliniquevitalis.com\/en\/first-visit\/","url":"https:\/\/cliniquevitalis.com\/en\/first-visit\/","name":"Vitalis | clinique de soins chiropratiques | D\u00e9roulement & Tarifs","isPartOf":{"@id":"https:\/\/cliniquevitalis.com\/en\/#website"},"datePublished":"2021-05-10T18:57:29+00:00","dateModified":"2025-03-02T18:51:14+00:00","description":"Lors de votre premi\u00e8re visite, le chiropraticien effectuera une entrevue clinique (anamn\u00e8se) pour ensuite mieux \u00e9valuer vos besoins.","breadcrumb":{"@id":"https:\/\/cliniquevitalis.com\/en\/first-visit\/#breadcrumb"},"inLanguage":"en-US","potentialAction":[{"@type":"ReadAction","target":["https:\/\/cliniquevitalis.com\/en\/first-visit\/"]}]},{"@type":"BreadcrumbList","@id":"https:\/\/cliniquevitalis.com\/en\/first-visit\/#breadcrumb","itemListElement":[{"@type":"ListItem","position":1,"name":"Accueil","item":"https:\/\/cliniquevitalis.com\/en\/"},{"@type":"ListItem","position":2,"name":"First visit"}]},{"@type":"WebSite","@id":"https:\/\/cliniquevitalis.com\/en\/#website","url":"https:\/\/cliniquevitalis.com\/en\/","name":"Vitalis","description":"Clinique de soins chiropratiques","publisher":{"@id":"https:\/\/cliniquevitalis.com\/en\/#organization"},"alternateName":"Vitalis","potentialAction":[{"@type":"SearchAction","target":{"@type":"EntryPoint","urlTemplate":"https:\/\/cliniquevitalis.com\/en\/?s={search_term_string}"},"query-input":{"@type":"PropertyValueSpecification","valueRequired":true,"valueName":"search_term_string"}}],"inLanguage":"en-US"},{"@type":"Organization","@id":"https:\/\/cliniquevitalis.com\/en\/#organization","name":"Clinique Vitalis","url":"https:\/\/cliniquevitalis.com\/en\/","logo":{"@type":"ImageObject","inLanguage":"en-US","@id":"https:\/\/cliniquevitalis.com\/en\/#\/schema\/logo\/image\/","url":"https:\/\/cliniquevitalis.com\/wp-content\/uploads\/2024\/06\/vitalis-1.png","contentUrl":"https:\/\/cliniquevitalis.com\/wp-content\/uploads\/2024\/06\/vitalis-1.png","width":500,"height":500,"caption":"Clinique Vitalis"},"image":{"@id":"https:\/\/cliniquevitalis.com\/en\/#\/schema\/logo\/image\/"},"sameAs":["https:\/\/www.facebook.com\/cliniquevitalis\/"]}]}},"zion_builder_status":false,"_links":{"self":[{"href":"https:\/\/cliniquevitalis.com\/en\/wp-json\/wp\/v2\/pages\/3226","targetHints":{"allow":["GET"]}}],"collection":[{"href":"https:\/\/cliniquevitalis.com\/en\/wp-json\/wp\/v2\/pages"}],"about":[{"href":"https:\/\/cliniquevitalis.com\/en\/wp-json\/wp\/v2\/types\/page"}],"author":[{"embeddable":true,"href":"https:\/\/cliniquevitalis.com\/en\/wp-json\/wp\/v2\/users\/7"}],"replies":[{"embeddable":true,"href":"https:\/\/cliniquevitalis.com\/en\/wp-json\/wp\/v2\/comments?post=3226"}],"version-history":[{"count":0,"href":"https:\/\/cliniquevitalis.com\/en\/wp-json\/wp\/v2\/pages\/3226\/revisions"}],"wp:attachment":[{"href":"https:\/\/cliniquevitalis.com\/en\/wp-json\/wp\/v2\/media?parent=3226"}],"curies":[{"name":"wp","href":"https:\/\/api.w.org\/{rel}","templated":true}]}}